{"id":2391,"date":"2021-11-18T12:28:50","date_gmt":"2021-11-18T12:28:50","guid":{"rendered":"https:\/\/finquesmasferrer.com\/\/obras-y-reformas\/"},"modified":"2022-11-10T09:38:16","modified_gmt":"2022-11-10T09:38:16","slug":"obras-y-reformas","status":"publish","type":"page","link":"https:\/\/finquesmasferrer.com\/es\/obras-y-reformas\/","title":{"rendered":"Obras y reformas"},"content":{"rendered":"\t\t<div data-elementor-type=\"wp-page\" data-elementor-id=\"2391\" class=\"elementor elementor-2391 elementor-510\" data-elementor-post-type=\"page\">\n\t\t\t\t\t\t<section class=\"elementor-section elementor-top-section elementor-element elementor-element-11cee3 elementor-section-height-min-height elementor-section-boxed elementor-section-height-default elementor-section-items-middle\" data-id=\"11cee3\" data-element_type=\"section\" data-settings=\"{&quot;background_background&quot;:&quot;classic&quot;}\">\n\t\t\t\t\t\t\t<div class=\"elementor-background-overlay\"><\/div>\n\t\t\t\t\t\t\t<div class=\"elementor-container elementor-column-gap-no\">\n\t\t\t\t\t<div class=\"elementor-column elementor-col-100 elementor-top-column elementor-element elementor-element-7e96340e\" data-id=\"7e96340e\" data-element_type=\"column\">\n\t\t\t<div class=\"elementor-widget-wrap elementor-element-populated\">\n\t\t\t\t\t\t<div class=\"elementor-element elementor-element-1cb701c1 elementor-widget elementor-widget-heading\" data-id=\"1cb701c1\" data-element_type=\"widget\" data-widget_type=\"heading.default\">\n\t\t\t\t<div class=\"elementor-widget-container\">\n\t\t\t\t\t<h1 class=\"elementor-heading-title elementor-size-default\">\nObras y reformas \n<\/h1>\t\t\t\t<\/div>\n\t\t\t\t<\/div>\n\t\t\t\t<div class=\"elementor-element elementor-element-7898ec02 elementor-widget elementor-widget-heading\" data-id=\"7898ec02\" data-element_type=\"widget\" data-widget_type=\"heading.default\">\n\t\t\t\t<div class=\"elementor-widget-container\">\n\t\t\t\t\t<h4 class=\"elementor-heading-title elementor-size-default\">\nMantenemos el valor de sus propiedades \n<\/h4>\t\t\t\t<\/div>\n\t\t\t\t<\/div>\n\t\t\t\t\t<\/div>\n\t\t<\/div>\n\t\t\t\t\t<\/div>\n\t\t<\/section>\n\t\t\t\t<section class=\"elementor-section elementor-top-section elementor-element elementor-element-41de6fe1 elementor-section-content-middle elementor-section-boxed elementor-section-height-default elementor-section-height-default\" data-id=\"41de6fe1\" data-element_type=\"section\">\n\t\t\t\t\t\t\t<div class=\"elementor-background-overlay\"><\/div>\n\t\t\t\t\t\t\t<div class=\"elementor-container elementor-column-gap-no\">\n\t\t\t\t\t<div class=\"elementor-column elementor-col-50 elementor-top-column elementor-element elementor-element-31770d07\" data-id=\"31770d07\" data-element_type=\"column\" data-settings=\"{&quot;background_background&quot;:&quot;classic&quot;}\">\n\t\t\t<div class=\"elementor-widget-wrap elementor-element-populated\">\n\t\t\t\t\t\t<div class=\"elementor-element elementor-element-75260cf9 elementor-widget elementor-widget-text-editor\" data-id=\"75260cf9\" data-element_type=\"widget\" data-widget_type=\"text-editor.default\">\n\t\t\t\t<div class=\"elementor-widget-container\">\n\t\t\t\t\t\t\t\t\t<p>Nuestro departamento de obras dispone de un gran equipo de profesionales, preparado para atender todas las necesidades de su finca, sea cual sea la envergadura del proyecto.<\/p>\n\t\t\t\t\t\t\t\t<\/div>\n\t\t\t\t<\/div>\n\t\t\t\t<div class=\"elementor-element elementor-element-47f4048b elementor-widget elementor-widget-text-editor\" data-id=\"47f4048b\" data-element_type=\"widget\" data-widget_type=\"text-editor.default\">\n\t\t\t\t<div class=\"elementor-widget-container\">\n\t\t\t\t\t\t\t\t\t<p>Mediante el departamento t\u00e9cnico y de obras, analizamos cualquier patolog\u00eda que pueda afectar a su propiedad y realizamos los proyectos, la ejecuci\u00f3n y el seguimiento de las obras que sean necesarias.<\/p>\n\t\t\t\t\t\t\t\t<\/div>\n\t\t\t\t<\/div>\n\t\t\t\t\t<\/div>\n\t\t<\/div>\n\t\t\t\t<div class=\"elementor-column elementor-col-50 elementor-top-column elementor-element elementor-element-2f3c3410\" data-id=\"2f3c3410\" data-element_type=\"column\">\n\t\t\t<div class=\"elementor-widget-wrap elementor-element-populated\">\n\t\t\t\t\t\t<div class=\"elementor-element elementor-element-4125bf59 elementor-widget elementor-widget-heading\" data-id=\"4125bf59\" data-element_type=\"widget\" data-widget_type=\"heading.default\">\n\t\t\t\t<div class=\"elementor-widget-container\">\n\t\t\t\t\t<h4 class=\"elementor-heading-title elementor-size-default\">Contamos con un amplio abanico de empresas para poder llevar a cabo cualquier proyecto de obra, hacer el seguimiento e informar puntualmente de su evoluci\u00f3n.<\/h4>\t\t\t\t<\/div>\n\t\t\t\t<\/div>\n\t\t\t\t\t<\/div>\n\t\t<\/div>\n\t\t\t\t\t<\/div>\n\t\t<\/section>\n\t\t\t\t<section class=\"elementor-section elementor-top-section elementor-element elementor-element-c266b0d elementor-section-boxed elementor-section-height-default elementor-section-height-default\" data-id=\"c266b0d\" data-element_type=\"section\" data-settings=\"{&quot;background_background&quot;:&quot;classic&quot;}\">\n\t\t\t\t\t\t<div class=\"elementor-container elementor-column-gap-no\">\n\t\t\t\t\t<div class=\"elementor-column elementor-col-100 elementor-top-column elementor-element elementor-element-615e24ec\" data-id=\"615e24ec\" data-element_type=\"column\">\n\t\t\t<div class=\"elementor-widget-wrap\">\n\t\t\t\t\t\t\t<\/div>\n\t\t<\/div>\n\t\t\t\t\t<\/div>\n\t\t<\/section>\n\t\t\t\t<section class=\"elementor-section elementor-top-section elementor-element elementor-element-d4a0a8a elementor-section-content-middle elementor-section-boxed elementor-section-height-default elementor-section-height-default\" data-id=\"d4a0a8a\" data-element_type=\"section\">\n\t\t\t\t\t\t\t<div class=\"elementor-background-overlay\"><\/div>\n\t\t\t\t\t\t\t<div class=\"elementor-container elementor-column-gap-no\">\n\t\t\t\t\t<div class=\"elementor-column elementor-col-50 elementor-top-column elementor-element elementor-element-6c60373\" data-id=\"6c60373\" data-element_type=\"column\">\n\t\t\t<div class=\"elementor-widget-wrap elementor-element-populated\">\n\t\t\t\t\t\t<div class=\"elementor-element elementor-element-71f1e653 elementor-widget elementor-widget-image\" data-id=\"71f1e653\" data-element_type=\"widget\" data-widget_type=\"image.default\">\n\t\t\t\t<div class=\"elementor-widget-container\">\n\t\t\t\t\t\t\t\t\t\t\t\t\t\t\t<img fetchpriority=\"high\" decoding=\"async\" width=\"880\" height=\"800\" src=\"https:\/\/finquesmasferrer.com\/wp-content\/uploads\/2021\/11\/reformas.jpg\" class=\"attachment-full size-full wp-image-513\" alt=\"\" srcset=\"https:\/\/finquesmasferrer.com\/wp-content\/uploads\/2021\/11\/reformas.jpg 880w, https:\/\/finquesmasferrer.com\/wp-content\/uploads\/2021\/11\/reformas-300x273.jpg 300w, https:\/\/finquesmasferrer.com\/wp-content\/uploads\/2021\/11\/reformas-768x698.jpg 768w\" sizes=\"(max-width: 880px) 100vw, 880px\" \/>\t\t\t\t\t\t\t\t\t\t\t\t\t\t\t<\/div>\n\t\t\t\t<\/div>\n\t\t\t\t\t<\/div>\n\t\t<\/div>\n\t\t\t\t<div class=\"elementor-column elementor-col-50 elementor-top-column elementor-element elementor-element-5886fe4b\" data-id=\"5886fe4b\" data-element_type=\"column\">\n\t\t\t<div class=\"elementor-widget-wrap elementor-element-populated\">\n\t\t\t\t\t\t<div class=\"elementor-element elementor-element-a7f4190 elementor-widget elementor-widget-heading\" data-id=\"a7f4190\" data-element_type=\"widget\" data-widget_type=\"heading.default\">\n\t\t\t\t<div class=\"elementor-widget-container\">\n\t\t\t\t\t<h4 class=\"elementor-heading-title elementor-size-default\">Ofrecemos servicios como los siguientes:<\/h4>\t\t\t\t<\/div>\n\t\t\t\t<\/div>\n\t\t\t\t<div class=\"elementor-element elementor-element-ac875d3 elementor-icon-list--layout-traditional elementor-list-item-link-full_width elementor-widget elementor-widget-icon-list\" data-id=\"ac875d3\" data-element_type=\"widget\" data-widget_type=\"icon-list.default\">\n\t\t\t\t<div class=\"elementor-widget-container\">\n\t\t\t\t\t\t\t<ul class=\"elementor-icon-list-items\">\n\t\t\t\t\t\t\t<li class=\"elementor-icon-list-item\">\n\t\t\t\t\t\t\t\t\t\t\t<span class=\"elementor-icon-list-icon\">\n\t\t\t\t\t\t\t<i aria-hidden=\"true\" class=\"fas fa-square\"><\/i>\t\t\t\t\t\t<\/span>\n\t\t\t\t\t\t\t\t\t\t<span class=\"elementor-icon-list-text\">Reformas de locales y pisos.<\/span>\n\t\t\t\t\t\t\t\t\t<\/li>\n\t\t\t\t\t\t\t\t<li class=\"elementor-icon-list-item\">\n\t\t\t\t\t\t\t\t\t\t\t<span class=\"elementor-icon-list-icon\">\n\t\t\t\t\t\t\t<i aria-hidden=\"true\" class=\"fas fa-square\"><\/i>\t\t\t\t\t\t<\/span>\n\t\t\t\t\t\t\t\t\t\t<span class=\"elementor-icon-list-text\">Rehabilitaci\u00f3n integral de edificios, fachadas y escaleras<\/span>\n\t\t\t\t\t\t\t\t\t<\/li>\n\t\t\t\t\t\t\t\t<li class=\"elementor-icon-list-item\">\n\t\t\t\t\t\t\t\t\t\t\t<span class=\"elementor-icon-list-icon\">\n\t\t\t\t\t\t\t<i aria-hidden=\"true\" class=\"fas fa-square\"><\/i>\t\t\t\t\t\t<\/span>\n\t\t\t\t\t\t\t\t\t\t<span class=\"elementor-icon-list-text\">Instalaciones de servicios.<\/span>\n\t\t\t\t\t\t\t\t\t<\/li>\n\t\t\t\t\t\t\t\t<li class=\"elementor-icon-list-item\">\n\t\t\t\t\t\t\t\t\t\t\t<span class=\"elementor-icon-list-icon\">\n\t\t\t\t\t\t\t<i aria-hidden=\"true\" class=\"fas fa-square\"><\/i>\t\t\t\t\t\t<\/span>\n\t\t\t\t\t\t\t\t\t\t<span class=\"elementor-icon-list-text\">Instalaciones y \/ o reparaciones de ascensores.<\/span>\n\t\t\t\t\t\t\t\t\t<\/li>\n\t\t\t\t\t\t<\/ul>\n\t\t\t\t\t\t<\/div>\n\t\t\t\t<\/div>\n\t\t\t\t<div class=\"elementor-element elementor-element-39bff752 elementor-widget elementor-widget-text-editor\" data-id=\"39bff752\" data-element_type=\"widget\" data-widget_type=\"text-editor.default\">\n\t\t\t\t<div class=\"elementor-widget-container\">\n\t\t\t\t\t\t\t\t\t<p>Nuestro personal est\u00e1 puntualmente informado de las novedades legales en cuanto a normativa municipal, prevenci\u00f3n de incendios y normativa de edificaci\u00f3n.<\/p>\n\t\t\t\t\t\t\t\t<\/div>\n\t\t\t\t<\/div>\n\t\t\t\t\t<\/div>\n\t\t<\/div>\n\t\t\t\t\t<\/div>\n\t\t<\/section>\n\t\t\t\t<\/div>\n\t\t","protected":false},"excerpt":{"rendered":"<p>Obras y reformas Mantenemos el valor de sus propiedades Nuestro departamento de obras dispone de un gran equipo de profesionales, preparado para atender todas las necesidades de su finca, sea cual sea la envergadura del proyecto. Mediante el departamento t\u00e9cnico y de obras, analizamos cualquier patolog\u00eda que pueda afectar a su propiedad y realizamos los [&hellip;]<\/p>\n","protected":false},"author":1,"featured_media":0,"parent":0,"menu_order":0,"comment_status":"closed","ping_status":"closed","template":"","meta":{"site-sidebar-layout":"no-sidebar","site-content-layout":"page-builder","ast-site-content-layout":"","site-content-style":"default","site-sidebar-style":"default","ast-global-header-display":"","ast-banner-title-visibility":"","ast-main-header-display":"","ast-hfb-above-header-display":"","ast-hfb-below-header-display":"","ast-hfb-mobile-header-display":"","site-post-title":"disabled","ast-breadcrumbs-content":"","ast-featured-img":"disabled","footer-sml-layout":"","theme-transparent-header-meta":"","adv-header-id-meta":"","stick-header-meta":"","header-above-stick-meta":"","header-main-stick-meta":"","header-below-stick-meta":"","astra-migrate-meta-layouts":"default","ast-page-background-enabled":"default","ast-page-background-meta":{"desktop":{"background-color":"","background-image":"","background-repeat":"repeat","background-position":"center center","background-size":"auto","background-attachment":"scroll","background-type":"","background-media":"","overlay-type":"","overlay-color":"","overlay-opacity":"","overlay-gradient":""},"tablet":{"background-color":"","background-image":"","background-repeat":"repeat","background-position":"center center","background-size":"auto","background-attachment":"scroll","background-type":"","background-media":"","overlay-type":"","overlay-color":"","overlay-opacity":"","overlay-gradient":""},"mobile":{"background-color":"","background-image":"","background-repeat":"repeat","background-position":"center center","background-size":"auto","background-attachment":"scroll","background-type":"","background-media":"","overlay-type":"","overlay-color":"","overlay-opacity":"","overlay-gradient":""}},"ast-content-background-meta":{"desktop":{"background-color":"var(--ast-global-color-5)","background-image":"","background-repeat":"repeat","background-position":"center center","background-size":"auto","background-attachment":"scroll","background-type":"","background-media":"","overlay-type":"","overlay-color":"","overlay-opacity":"","overlay-gradient":""},"tablet":{"background-color":"var(--ast-global-color-5)","background-image":"","background-repeat":"repeat","background-position":"center center","background-size":"auto","background-attachment":"scroll","background-type":"","background-media":"","overlay-type":"","overlay-color":"","overlay-opacity":"","overlay-gradient":""},"mobile":{"background-color":"var(--ast-global-color-5)","background-image":"","background-repeat":"repeat","background-position":"center center","background-size":"auto","background-attachment":"scroll","background-type":"","background-media":"","overlay-type":"","overlay-color":"","overlay-opacity":"","overlay-gradient":""}},"footnotes":""},"class_list":["post-2391","page","type-page","status-publish","hentry"],"yoast_head":"<!-- This site is optimized with the Yoast SEO plugin v24.6 - https:\/\/yoast.com\/wordpress\/plugins\/seo\/ -->\n<title>Obras y reformas - Finques Mas Ferrer<\/title>\n<meta name=\"description\" content=\"Contamos con un amplio abanico de empresas para poder llevar a cabo cualquier proyecto de obra, hacer el seguimiento e informar puntualmente de su evoluci\u00f3n.\" \/>\n<meta name=\"robots\" content=\"index, follow, max-snippet:-1, max-image-preview:large, max-video-preview:-1\" \/>\n<link rel=\"canonical\" href=\"https:\/\/finquesmasferrer.com\/es\/obras-y-reformas\/\" \/>\n<meta property=\"og:locale\" content=\"es_ES\" \/>\n<meta property=\"og:type\" content=\"article\" \/>\n<meta property=\"og:title\" content=\"Obras y reformas - Finques Mas Ferrer\" \/>\n<meta property=\"og:description\" content=\"Contamos con un amplio abanico de empresas para poder llevar a cabo cualquier proyecto de obra, hacer el seguimiento e informar puntualmente de su evoluci\u00f3n.\" \/>\n<meta property=\"og:url\" content=\"https:\/\/finquesmasferrer.com\/es\/obras-y-reformas\/\" \/>\n<meta property=\"og:site_name\" content=\"Finques Mas Ferrer\" \/>\n<meta property=\"article:modified_time\" content=\"2022-11-10T09:38:16+00:00\" \/>\n<meta property=\"og:image\" content=\"https:\/\/finquesmasferrer.com\/wp-content\/uploads\/2021\/11\/reformas.jpg\" \/>\n<meta name=\"twitter:card\" content=\"summary_large_image\" \/>\n<meta name=\"twitter:label1\" content=\"Tiempo de lectura\" \/>\n\t<meta name=\"twitter:data1\" content=\"1 minuto\" \/>\n<script type=\"application\/ld+json\" class=\"yoast-schema-graph\">{\"@context\":\"https:\/\/schema.org\",\"@graph\":[{\"@type\":\"WebPage\",\"@id\":\"https:\/\/finquesmasferrer.com\/es\/obras-y-reformas\/\",\"url\":\"https:\/\/finquesmasferrer.com\/es\/obras-y-reformas\/\",\"name\":\"Obras y reformas - Finques Mas Ferrer\",\"isPartOf\":{\"@id\":\"https:\/\/finquesmasferrer.com\/#website\"},\"primaryImageOfPage\":{\"@id\":\"https:\/\/finquesmasferrer.com\/es\/obras-y-reformas\/#primaryimage\"},\"image\":{\"@id\":\"https:\/\/finquesmasferrer.com\/es\/obras-y-reformas\/#primaryimage\"},\"thumbnailUrl\":\"https:\/\/finquesmasferrer.com\/wp-content\/uploads\/2021\/11\/reformas.jpg\",\"datePublished\":\"2021-11-18T12:28:50+00:00\",\"dateModified\":\"2022-11-10T09:38:16+00:00\",\"description\":\"Contamos con un amplio abanico de empresas para poder llevar a cabo cualquier proyecto de obra, hacer el seguimiento e informar puntualmente de su evoluci\u00f3n.\",\"breadcrumb\":{\"@id\":\"https:\/\/finquesmasferrer.com\/es\/obras-y-reformas\/#breadcrumb\"},\"inLanguage\":\"es\",\"potentialAction\":[{\"@type\":\"ReadAction\",\"target\":[\"https:\/\/finquesmasferrer.com\/es\/obras-y-reformas\/\"]}]},{\"@type\":\"ImageObject\",\"inLanguage\":\"es\",\"@id\":\"https:\/\/finquesmasferrer.com\/es\/obras-y-reformas\/#primaryimage\",\"url\":\"https:\/\/finquesmasferrer.com\/wp-content\/uploads\/2021\/11\/reformas.jpg\",\"contentUrl\":\"https:\/\/finquesmasferrer.com\/wp-content\/uploads\/2021\/11\/reformas.jpg\"},{\"@type\":\"BreadcrumbList\",\"@id\":\"https:\/\/finquesmasferrer.com\/es\/obras-y-reformas\/#breadcrumb\",\"itemListElement\":[{\"@type\":\"ListItem\",\"position\":1,\"name\":\"Inici\",\"item\":\"https:\/\/finquesmasferrer.com\/es\/\"},{\"@type\":\"ListItem\",\"position\":2,\"name\":\"Obras y reformas\"}]},{\"@type\":\"WebSite\",\"@id\":\"https:\/\/finquesmasferrer.com\/#website\",\"url\":\"https:\/\/finquesmasferrer.com\/\",\"name\":\"Finques Mas Ferrer\",\"description\":\"Administradors de finques a Barcelona\",\"publisher\":{\"@id\":\"https:\/\/finquesmasferrer.com\/#organization\"},\"potentialAction\":[{\"@type\":\"SearchAction\",\"target\":{\"@type\":\"EntryPoint\",\"urlTemplate\":\"https:\/\/finquesmasferrer.com\/?s={search_term_string}\"},\"query-input\":{\"@type\":\"PropertyValueSpecification\",\"valueRequired\":true,\"valueName\":\"search_term_string\"}}],\"inLanguage\":\"es\"},{\"@type\":\"Organization\",\"@id\":\"https:\/\/finquesmasferrer.com\/#organization\",\"name\":\"Finques Mas Ferrer\",\"url\":\"https:\/\/finquesmasferrer.com\/\",\"logo\":{\"@type\":\"ImageObject\",\"inLanguage\":\"es\",\"@id\":\"https:\/\/finquesmasferrer.com\/#\/schema\/logo\/image\/\",\"url\":\"https:\/\/finquesmasferrer.com\/wp-content\/uploads\/2021\/11\/LOGO-1.png\",\"contentUrl\":\"https:\/\/finquesmasferrer.com\/wp-content\/uploads\/2021\/11\/LOGO-1.png\",\"width\":500,\"height\":187,\"caption\":\"Finques Mas Ferrer\"},\"image\":{\"@id\":\"https:\/\/finquesmasferrer.com\/#\/schema\/logo\/image\/\"}}]}<\/script>\n<!-- \/ Yoast SEO plugin. -->","yoast_head_json":{"title":"Obras y reformas - Finques Mas Ferrer","description":"Contamos con un amplio abanico de empresas para poder llevar a cabo cualquier proyecto de obra, hacer el seguimiento e informar puntualmente de su evoluci\u00f3n.","robots":{"index":"index","follow":"follow","max-snippet":"max-snippet:-1","max-image-preview":"max-image-preview:large","max-video-preview":"max-video-preview:-1"},"canonical":"https:\/\/finquesmasferrer.com\/es\/obras-y-reformas\/","og_locale":"es_ES","og_type":"article","og_title":"Obras y reformas - Finques Mas Ferrer","og_description":"Contamos con un amplio abanico de empresas para poder llevar a cabo cualquier proyecto de obra, hacer el seguimiento e informar puntualmente de su evoluci\u00f3n.","og_url":"https:\/\/finquesmasferrer.com\/es\/obras-y-reformas\/","og_site_name":"Finques Mas Ferrer","article_modified_time":"2022-11-10T09:38:16+00:00","og_image":[{"url":"https:\/\/finquesmasferrer.com\/wp-content\/uploads\/2021\/11\/reformas.jpg","type":"","width":"","height":""}],"twitter_card":"summary_large_image","twitter_misc":{"Tiempo de lectura":"1 minuto"},"schema":{"@context":"https:\/\/schema.org","@graph":[{"@type":"WebPage","@id":"https:\/\/finquesmasferrer.com\/es\/obras-y-reformas\/","url":"https:\/\/finquesmasferrer.com\/es\/obras-y-reformas\/","name":"Obras y reformas - Finques Mas Ferrer","isPartOf":{"@id":"https:\/\/finquesmasferrer.com\/#website"},"primaryImageOfPage":{"@id":"https:\/\/finquesmasferrer.com\/es\/obras-y-reformas\/#primaryimage"},"image":{"@id":"https:\/\/finquesmasferrer.com\/es\/obras-y-reformas\/#primaryimage"},"thumbnailUrl":"https:\/\/finquesmasferrer.com\/wp-content\/uploads\/2021\/11\/reformas.jpg","datePublished":"2021-11-18T12:28:50+00:00","dateModified":"2022-11-10T09:38:16+00:00","description":"Contamos con un amplio abanico de empresas para poder llevar a cabo cualquier proyecto de obra, hacer el seguimiento e informar puntualmente de su evoluci\u00f3n.","breadcrumb":{"@id":"https:\/\/finquesmasferrer.com\/es\/obras-y-reformas\/#breadcrumb"},"inLanguage":"es","potentialAction":[{"@type":"ReadAction","target":["https:\/\/finquesmasferrer.com\/es\/obras-y-reformas\/"]}]},{"@type":"ImageObject","inLanguage":"es","@id":"https:\/\/finquesmasferrer.com\/es\/obras-y-reformas\/#primaryimage","url":"https:\/\/finquesmasferrer.com\/wp-content\/uploads\/2021\/11\/reformas.jpg","contentUrl":"https:\/\/finquesmasferrer.com\/wp-content\/uploads\/2021\/11\/reformas.jpg"},{"@type":"BreadcrumbList","@id":"https:\/\/finquesmasferrer.com\/es\/obras-y-reformas\/#breadcrumb","itemListElement":[{"@type":"ListItem","position":1,"name":"Inici","item":"https:\/\/finquesmasferrer.com\/es\/"},{"@type":"ListItem","position":2,"name":"Obras y reformas"}]},{"@type":"WebSite","@id":"https:\/\/finquesmasferrer.com\/#website","url":"https:\/\/finquesmasferrer.com\/","name":"Finques Mas Ferrer","description":"Administradors de finques a Barcelona","publisher":{"@id":"https:\/\/finquesmasferrer.com\/#organization"},"potentialAction":[{"@type":"SearchAction","target":{"@type":"EntryPoint","urlTemplate":"https:\/\/finquesmasferrer.com\/?s={search_term_string}"},"query-input":{"@type":"PropertyValueSpecification","valueRequired":true,"valueName":"search_term_string"}}],"inLanguage":"es"},{"@type":"Organization","@id":"https:\/\/finquesmasferrer.com\/#organization","name":"Finques Mas Ferrer","url":"https:\/\/finquesmasferrer.com\/","logo":{"@type":"ImageObject","inLanguage":"es","@id":"https:\/\/finquesmasferrer.com\/#\/schema\/logo\/image\/","url":"https:\/\/finquesmasferrer.com\/wp-content\/uploads\/2021\/11\/LOGO-1.png","contentUrl":"https:\/\/finquesmasferrer.com\/wp-content\/uploads\/2021\/11\/LOGO-1.png","width":500,"height":187,"caption":"Finques Mas Ferrer"},"image":{"@id":"https:\/\/finquesmasferrer.com\/#\/schema\/logo\/image\/"}}]}},"_links":{"self":[{"href":"https:\/\/finquesmasferrer.com\/es\/wp-json\/wp\/v2\/pages\/2391","targetHints":{"allow":["GET"]}}],"collection":[{"href":"https:\/\/finquesmasferrer.com\/es\/wp-json\/wp\/v2\/pages"}],"about":[{"href":"https:\/\/finquesmasferrer.com\/es\/wp-json\/wp\/v2\/types\/page"}],"author":[{"embeddable":true,"href":"https:\/\/finquesmasferrer.com\/es\/wp-json\/wp\/v2\/users\/1"}],"replies":[{"embeddable":true,"href":"https:\/\/finquesmasferrer.com\/es\/wp-json\/wp\/v2\/comments?post=2391"}],"version-history":[{"count":0,"href":"https:\/\/finquesmasferrer.com\/es\/wp-json\/wp\/v2\/pages\/2391\/revisions"}],"wp:attachment":[{"href":"https:\/\/finquesmasferrer.com\/es\/wp-json\/wp\/v2\/media?parent=2391"}],"curies":[{"name":"wp","href":"https:\/\/api.w.org\/{rel}","templated":true}]}}