{"id":2393,"date":"2021-11-18T12:46:09","date_gmt":"2021-11-18T12:46:09","guid":{"rendered":"https:\/\/finquesmasferrer.com\/\/seguros\/"},"modified":"2022-11-10T09:29:09","modified_gmt":"2022-11-10T09:29:09","slug":"seguros","status":"publish","type":"page","link":"https:\/\/finquesmasferrer.com\/es\/seguros\/","title":{"rendered":"Seguros"},"content":{"rendered":"\t\t<div data-elementor-type=\"wp-page\" data-elementor-id=\"2393\" class=\"elementor elementor-2393 elementor-522\" data-elementor-post-type=\"page\">\n\t\t\t\t\t\t<section class=\"elementor-section elementor-top-section elementor-element elementor-element-75a8c90c elementor-section-height-min-height elementor-section-boxed elementor-section-height-default elementor-section-items-middle\" data-id=\"75a8c90c\" data-element_type=\"section\" data-settings=\"{&quot;background_background&quot;:&quot;classic&quot;}\">\n\t\t\t\t\t\t\t<div class=\"elementor-background-overlay\"><\/div>\n\t\t\t\t\t\t\t<div class=\"elementor-container elementor-column-gap-no\">\n\t\t\t\t\t<div class=\"elementor-column elementor-col-100 elementor-top-column elementor-element elementor-element-75f83f17\" data-id=\"75f83f17\" data-element_type=\"column\">\n\t\t\t<div class=\"elementor-widget-wrap elementor-element-populated\">\n\t\t\t\t\t\t<div class=\"elementor-element elementor-element-12ba0bef elementor-widget elementor-widget-heading\" data-id=\"12ba0bef\" data-element_type=\"widget\" data-widget_type=\"heading.default\">\n\t\t\t\t<div class=\"elementor-widget-container\">\n\t\t\t\t\t<h1 class=\"elementor-heading-title elementor-size-default\">Seguros<\/h1>\t\t\t\t<\/div>\n\t\t\t\t<\/div>\n\t\t\t\t<div class=\"elementor-element elementor-element-aed6191 elementor-widget elementor-widget-heading\" data-id=\"aed6191\" data-element_type=\"widget\" data-widget_type=\"heading.default\">\n\t\t\t\t<div class=\"elementor-widget-container\">\n\t\t\t\t\t<h4 class=\"elementor-heading-title elementor-size-default\">Las mejores ofertas de las compa\u00f1\u00edas l\u00edderes del sector<\/h4>\t\t\t\t<\/div>\n\t\t\t\t<\/div>\n\t\t\t\t\t<\/div>\n\t\t<\/div>\n\t\t\t\t\t<\/div>\n\t\t<\/section>\n\t\t\t\t<section class=\"elementor-section elementor-top-section elementor-element elementor-element-58ffb451 elementor-section-content-middle elementor-section-boxed elementor-section-height-default elementor-section-height-default\" data-id=\"58ffb451\" data-element_type=\"section\">\n\t\t\t\t\t\t\t<div class=\"elementor-background-overlay\"><\/div>\n\t\t\t\t\t\t\t<div class=\"elementor-container elementor-column-gap-no\">\n\t\t\t\t\t<div class=\"elementor-column elementor-col-50 elementor-top-column elementor-element elementor-element-4f11939a\" data-id=\"4f11939a\" data-element_type=\"column\" data-settings=\"{&quot;background_background&quot;:&quot;classic&quot;}\">\n\t\t\t<div class=\"elementor-widget-wrap elementor-element-populated\">\n\t\t\t\t\t\t<div class=\"elementor-element elementor-element-58897325 elementor-widget elementor-widget-text-editor\" data-id=\"58897325\" data-element_type=\"widget\" data-widget_type=\"text-editor.default\">\n\t\t\t\t<div class=\"elementor-widget-container\">\n\t\t\t\t\t\t\t\t\t<p><strong>Fincas Mas Ferrer<\/strong> ofrece su <strong>experiencia, conocimiento y buen hacer <\/strong> en el tr\u00e1mite, la gesti\u00f3n y el seguimiento de las posibles incidencias, <strong>mediando entre las Compa\u00f1\u00edas de Seguros, propietarios e inquilinos<\/strong>. Adem\u00e1s, de disponer de cartera propia, los clientes pueden beneficiarse de las ventajas que comporta adherirse a esta.<\/p>\n\t\t\t\t\t\t\t\t<\/div>\n\t\t\t\t<\/div>\n\t\t\t\t\t<\/div>\n\t\t<\/div>\n\t\t\t\t<div class=\"elementor-column elementor-col-50 elementor-top-column elementor-element elementor-element-6c15ba3c\" data-id=\"6c15ba3c\" data-element_type=\"column\">\n\t\t\t<div class=\"elementor-widget-wrap elementor-element-populated\">\n\t\t\t\t\t\t<div class=\"elementor-element elementor-element-4ec7a60 elementor-widget elementor-widget-spacer\" data-id=\"4ec7a60\" data-element_type=\"widget\" data-widget_type=\"spacer.default\">\n\t\t\t\t<div class=\"elementor-widget-container\">\n\t\t\t\t\t\t\t<div class=\"elementor-spacer\">\n\t\t\t<div class=\"elementor-spacer-inner\"><\/div>\n\t\t<\/div>\n\t\t\t\t\t\t<\/div>\n\t\t\t\t<\/div>\n\t\t\t\t<div class=\"elementor-element elementor-element-c77cf02 elementor-widget elementor-widget-heading\" data-id=\"c77cf02\" data-element_type=\"widget\" data-widget_type=\"heading.default\">\n\t\t\t\t<div class=\"elementor-widget-container\">\n\t\t\t\t\t<h4 class=\"elementor-heading-title elementor-size-default\">Productos:<\/h4>\t\t\t\t<\/div>\n\t\t\t\t<\/div>\n\t\t\t\t<div class=\"elementor-element elementor-element-5aec26a elementor-icon-list--layout-traditional elementor-list-item-link-full_width elementor-widget elementor-widget-icon-list\" data-id=\"5aec26a\" data-element_type=\"widget\" data-widget_type=\"icon-list.default\">\n\t\t\t\t<div class=\"elementor-widget-container\">\n\t\t\t\t\t\t\t<ul class=\"elementor-icon-list-items\">\n\t\t\t\t\t\t\t<li class=\"elementor-icon-list-item\">\n\t\t\t\t\t\t\t\t\t\t\t<span class=\"elementor-icon-list-icon\">\n\t\t\t\t\t\t\t<i aria-hidden=\"true\" class=\"fas fa-square\"><\/i>\t\t\t\t\t\t<\/span>\n\t\t\t\t\t\t\t\t\t\t<span class=\"elementor-icon-list-text\">Seguros particulares.<\/span>\n\t\t\t\t\t\t\t\t\t<\/li>\n\t\t\t\t\t\t\t\t<li class=\"elementor-icon-list-item\">\n\t\t\t\t\t\t\t\t\t\t\t<span class=\"elementor-icon-list-icon\">\n\t\t\t\t\t\t\t<i aria-hidden=\"true\" class=\"fas fa-square\"><\/i>\t\t\t\t\t\t<\/span>\n\t\t\t\t\t\t\t\t\t\t<span class=\"elementor-icon-list-text\">Seguros personales.<\/span>\n\t\t\t\t\t\t\t\t\t<\/li>\n\t\t\t\t\t\t\t\t<li class=\"elementor-icon-list-item\">\n\t\t\t\t\t\t\t\t\t\t\t<span class=\"elementor-icon-list-icon\">\n\t\t\t\t\t\t\t<i aria-hidden=\"true\" class=\"fas fa-square\"><\/i>\t\t\t\t\t\t<\/span>\n\t\t\t\t\t\t\t\t\t\t<span class=\"elementor-icon-list-text\">Seguros de empresa.\u200b<\/span>\n\t\t\t\t\t\t\t\t\t<\/li>\n\t\t\t\t\t\t<\/ul>\n\t\t\t\t\t\t<\/div>\n\t\t\t\t<\/div>\n\t\t\t\t\t<\/div>\n\t\t<\/div>\n\t\t\t\t\t<\/div>\n\t\t<\/section>\n\t\t\t\t<section class=\"elementor-section elementor-top-section elementor-element elementor-element-58e56389 elementor-section-boxed elementor-section-height-default elementor-section-height-default\" data-id=\"58e56389\" data-element_type=\"section\" data-settings=\"{&quot;background_background&quot;:&quot;classic&quot;}\">\n\t\t\t\t\t\t<div class=\"elementor-container elementor-column-gap-no\">\n\t\t\t\t\t<div class=\"elementor-column elementor-col-100 elementor-top-column elementor-element elementor-element-558b9ed0\" data-id=\"558b9ed0\" data-element_type=\"column\">\n\t\t\t<div class=\"elementor-widget-wrap\">\n\t\t\t\t\t\t\t<\/div>\n\t\t<\/div>\n\t\t\t\t\t<\/div>\n\t\t<\/section>\n\t\t\t\t<\/div>\n\t\t","protected":false},"excerpt":{"rendered":"<p>Seguros Las mejores ofertas de las compa\u00f1\u00edas l\u00edderes del sector Fincas Mas Ferrer ofrece su experiencia, conocimiento y buen hacer en el tr\u00e1mite, la gesti\u00f3n y el seguimiento de las posibles incidencias, mediando entre las Compa\u00f1\u00edas de Seguros, propietarios e inquilinos. Adem\u00e1s, de disponer de cartera propia, los clientes pueden beneficiarse de las ventajas que [&hellip;]<\/p>\n","protected":false},"author":1,"featured_media":0,"parent":0,"menu_order":0,"comment_status":"closed","ping_status":"closed","template":"","meta":{"site-sidebar-layout":"no-sidebar","site-content-layout":"page-builder","ast-site-content-layout":"","site-content-style":"default","site-sidebar-style":"default","ast-global-header-display":"","ast-banner-title-visibility":"","ast-main-header-display":"","ast-hfb-above-header-display":"","ast-hfb-below-header-display":"","ast-hfb-mobile-header-display":"","site-post-title":"disabled","ast-breadcrumbs-content":"","ast-featured-img":"disabled","footer-sml-layout":"","theme-transparent-header-meta":"","adv-header-id-meta":"","stick-header-meta":"","header-above-stick-meta":"","header-main-stick-meta":"","header-below-stick-meta":"","astra-migrate-meta-layouts":"default","ast-page-background-enabled":"default","ast-page-background-meta":{"desktop":{"background-color":"","background-image":"","background-repeat":"repeat","background-position":"center center","background-size":"auto","background-attachment":"scroll","background-type":"","background-media":"","overlay-type":"","overlay-color":"","overlay-opacity":"","overlay-gradient":""},"tablet":{"background-color":"","background-image":"","background-repeat":"repeat","background-position":"center center","background-size":"auto","background-attachment":"scroll","background-type":"","background-media":"","overlay-type":"","overlay-color":"","overlay-opacity":"","overlay-gradient":""},"mobile":{"background-color":"","background-image":"","background-repeat":"repeat","background-position":"center center","background-size":"auto","background-attachment":"scroll","background-type":"","background-media":"","overlay-type":"","overlay-color":"","overlay-opacity":"","overlay-gradient":""}},"ast-content-background-meta":{"desktop":{"background-color":"var(--ast-global-color-5)","background-image":"","background-repeat":"repeat","background-position":"center center","background-size":"auto","background-attachment":"scroll","background-type":"","background-media":"","overlay-type":"","overlay-color":"","overlay-opacity":"","overlay-gradient":""},"tablet":{"background-color":"var(--ast-global-color-5)","background-image":"","background-repeat":"repeat","background-position":"center center","background-size":"auto","background-attachment":"scroll","background-type":"","background-media":"","overlay-type":"","overlay-color":"","overlay-opacity":"","overlay-gradient":""},"mobile":{"background-color":"var(--ast-global-color-5)","background-image":"","background-repeat":"repeat","background-position":"center center","background-size":"auto","background-attachment":"scroll","background-type":"","background-media":"","overlay-type":"","overlay-color":"","overlay-opacity":"","overlay-gradient":""}},"footnotes":""},"class_list":["post-2393","page","type-page","status-publish","hentry"],"yoast_head":"<!-- This site is optimized with the Yoast SEO plugin v24.6 - https:\/\/yoast.com\/wordpress\/plugins\/seo\/ -->\n<title>Seguros - Finques Mas Ferrer<\/title>\n<meta name=\"description\" content=\"Las mejores ofertas en seguros de las compa\u00f1\u00edas l\u00edderes del sector. Disponemos de cartera propia.\" \/>\n<meta name=\"robots\" content=\"index, follow, max-snippet:-1, max-image-preview:large, max-video-preview:-1\" \/>\n<link rel=\"canonical\" href=\"https:\/\/finquesmasferrer.com\/es\/seguros\/\" \/>\n<meta property=\"og:locale\" content=\"es_ES\" \/>\n<meta property=\"og:type\" content=\"article\" \/>\n<meta property=\"og:title\" content=\"Seguros - Finques Mas Ferrer\" \/>\n<meta property=\"og:description\" content=\"Las mejores ofertas en seguros de las compa\u00f1\u00edas l\u00edderes del sector. Disponemos de cartera propia.\" \/>\n<meta property=\"og:url\" content=\"https:\/\/finquesmasferrer.com\/es\/seguros\/\" \/>\n<meta property=\"og:site_name\" content=\"Finques Mas Ferrer\" \/>\n<meta property=\"article:modified_time\" content=\"2022-11-10T09:29:09+00:00\" \/>\n<meta name=\"twitter:card\" content=\"summary_large_image\" \/>\n<script type=\"application\/ld+json\" class=\"yoast-schema-graph\">{\"@context\":\"https:\/\/schema.org\",\"@graph\":[{\"@type\":\"WebPage\",\"@id\":\"https:\/\/finquesmasferrer.com\/es\/seguros\/\",\"url\":\"https:\/\/finquesmasferrer.com\/es\/seguros\/\",\"name\":\"Seguros - Finques Mas Ferrer\",\"isPartOf\":{\"@id\":\"https:\/\/finquesmasferrer.com\/#website\"},\"datePublished\":\"2021-11-18T12:46:09+00:00\",\"dateModified\":\"2022-11-10T09:29:09+00:00\",\"description\":\"Las mejores ofertas en seguros de las compa\u00f1\u00edas l\u00edderes del sector. Disponemos de cartera propia.\",\"breadcrumb\":{\"@id\":\"https:\/\/finquesmasferrer.com\/es\/seguros\/#breadcrumb\"},\"inLanguage\":\"es\",\"potentialAction\":[{\"@type\":\"ReadAction\",\"target\":[\"https:\/\/finquesmasferrer.com\/es\/seguros\/\"]}]},{\"@type\":\"BreadcrumbList\",\"@id\":\"https:\/\/finquesmasferrer.com\/es\/seguros\/#breadcrumb\",\"itemListElement\":[{\"@type\":\"ListItem\",\"position\":1,\"name\":\"Inici\",\"item\":\"https:\/\/finquesmasferrer.com\/es\/\"},{\"@type\":\"ListItem\",\"position\":2,\"name\":\"Seguros\"}]},{\"@type\":\"WebSite\",\"@id\":\"https:\/\/finquesmasferrer.com\/#website\",\"url\":\"https:\/\/finquesmasferrer.com\/\",\"name\":\"Finques Mas Ferrer\",\"description\":\"Administradors de finques a Barcelona\",\"publisher\":{\"@id\":\"https:\/\/finquesmasferrer.com\/#organization\"},\"potentialAction\":[{\"@type\":\"SearchAction\",\"target\":{\"@type\":\"EntryPoint\",\"urlTemplate\":\"https:\/\/finquesmasferrer.com\/?s={search_term_string}\"},\"query-input\":{\"@type\":\"PropertyValueSpecification\",\"valueRequired\":true,\"valueName\":\"search_term_string\"}}],\"inLanguage\":\"es\"},{\"@type\":\"Organization\",\"@id\":\"https:\/\/finquesmasferrer.com\/#organization\",\"name\":\"Finques Mas Ferrer\",\"url\":\"https:\/\/finquesmasferrer.com\/\",\"logo\":{\"@type\":\"ImageObject\",\"inLanguage\":\"es\",\"@id\":\"https:\/\/finquesmasferrer.com\/#\/schema\/logo\/image\/\",\"url\":\"https:\/\/finquesmasferrer.com\/wp-content\/uploads\/2021\/11\/LOGO-1.png\",\"contentUrl\":\"https:\/\/finquesmasferrer.com\/wp-content\/uploads\/2021\/11\/LOGO-1.png\",\"width\":500,\"height\":187,\"caption\":\"Finques Mas Ferrer\"},\"image\":{\"@id\":\"https:\/\/finquesmasferrer.com\/#\/schema\/logo\/image\/\"}}]}<\/script>\n<!-- \/ Yoast SEO plugin. -->","yoast_head_json":{"title":"Seguros - Finques Mas Ferrer","description":"Las mejores ofertas en seguros de las compa\u00f1\u00edas l\u00edderes del sector. Disponemos de cartera propia.","robots":{"index":"index","follow":"follow","max-snippet":"max-snippet:-1","max-image-preview":"max-image-preview:large","max-video-preview":"max-video-preview:-1"},"canonical":"https:\/\/finquesmasferrer.com\/es\/seguros\/","og_locale":"es_ES","og_type":"article","og_title":"Seguros - Finques Mas Ferrer","og_description":"Las mejores ofertas en seguros de las compa\u00f1\u00edas l\u00edderes del sector. Disponemos de cartera propia.","og_url":"https:\/\/finquesmasferrer.com\/es\/seguros\/","og_site_name":"Finques Mas Ferrer","article_modified_time":"2022-11-10T09:29:09+00:00","twitter_card":"summary_large_image","schema":{"@context":"https:\/\/schema.org","@graph":[{"@type":"WebPage","@id":"https:\/\/finquesmasferrer.com\/es\/seguros\/","url":"https:\/\/finquesmasferrer.com\/es\/seguros\/","name":"Seguros - Finques Mas Ferrer","isPartOf":{"@id":"https:\/\/finquesmasferrer.com\/#website"},"datePublished":"2021-11-18T12:46:09+00:00","dateModified":"2022-11-10T09:29:09+00:00","description":"Las mejores ofertas en seguros de las compa\u00f1\u00edas l\u00edderes del sector. Disponemos de cartera propia.","breadcrumb":{"@id":"https:\/\/finquesmasferrer.com\/es\/seguros\/#breadcrumb"},"inLanguage":"es","potentialAction":[{"@type":"ReadAction","target":["https:\/\/finquesmasferrer.com\/es\/seguros\/"]}]},{"@type":"BreadcrumbList","@id":"https:\/\/finquesmasferrer.com\/es\/seguros\/#breadcrumb","itemListElement":[{"@type":"ListItem","position":1,"name":"Inici","item":"https:\/\/finquesmasferrer.com\/es\/"},{"@type":"ListItem","position":2,"name":"Seguros"}]},{"@type":"WebSite","@id":"https:\/\/finquesmasferrer.com\/#website","url":"https:\/\/finquesmasferrer.com\/","name":"Finques Mas Ferrer","description":"Administradors de finques a Barcelona","publisher":{"@id":"https:\/\/finquesmasferrer.com\/#organization"},"potentialAction":[{"@type":"SearchAction","target":{"@type":"EntryPoint","urlTemplate":"https:\/\/finquesmasferrer.com\/?s={search_term_string}"},"query-input":{"@type":"PropertyValueSpecification","valueRequired":true,"valueName":"search_term_string"}}],"inLanguage":"es"},{"@type":"Organization","@id":"https:\/\/finquesmasferrer.com\/#organization","name":"Finques Mas Ferrer","url":"https:\/\/finquesmasferrer.com\/","logo":{"@type":"ImageObject","inLanguage":"es","@id":"https:\/\/finquesmasferrer.com\/#\/schema\/logo\/image\/","url":"https:\/\/finquesmasferrer.com\/wp-content\/uploads\/2021\/11\/LOGO-1.png","contentUrl":"https:\/\/finquesmasferrer.com\/wp-content\/uploads\/2021\/11\/LOGO-1.png","width":500,"height":187,"caption":"Finques Mas Ferrer"},"image":{"@id":"https:\/\/finquesmasferrer.com\/#\/schema\/logo\/image\/"}}]}},"_links":{"self":[{"href":"https:\/\/finquesmasferrer.com\/es\/wp-json\/wp\/v2\/pages\/2393","targetHints":{"allow":["GET"]}}],"collection":[{"href":"https:\/\/finquesmasferrer.com\/es\/wp-json\/wp\/v2\/pages"}],"about":[{"href":"https:\/\/finquesmasferrer.com\/es\/wp-json\/wp\/v2\/types\/page"}],"author":[{"embeddable":true,"href":"https:\/\/finquesmasferrer.com\/es\/wp-json\/wp\/v2\/users\/1"}],"replies":[{"embeddable":true,"href":"https:\/\/finquesmasferrer.com\/es\/wp-json\/wp\/v2\/comments?post=2393"}],"version-history":[{"count":0,"href":"https:\/\/finquesmasferrer.com\/es\/wp-json\/wp\/v2\/pages\/2393\/revisions"}],"wp:attachment":[{"href":"https:\/\/finquesmasferrer.com\/es\/wp-json\/wp\/v2\/media?parent=2393"}],"curies":[{"name":"wp","href":"https:\/\/api.w.org\/{rel}","templated":true}]}}